{"id":411,"date":"2020-12-29T12:05:45","date_gmt":"2020-12-29T15:05:45","guid":{"rendered":"https:\/\/themes.muffingroup.com\/be\/farm2_el\/?page_id=411"},"modified":"2023-05-31T14:40:53","modified_gmt":"2023-05-31T17:40:53","slug":"products","status":"publish","type":"page","link":"https:\/\/agromafi.com.br\/?page_id=411","title":{"rendered":"Nossas Sementes"},"content":{"rendered":"\t\t<div data-elementor-type=\"wp-page\" data-elementor-id=\"411\" class=\"elementor elementor-411\">\n\t\t\t\t\t\t<section class=\"elementor-section elementor-top-section elementor-element elementor-element-959893c elementor-section-stretched elementor-section-boxed elementor-section-height-default elementor-section-height-default\" data-id=\"959893c\" data-element_type=\"section\" data-e-type=\"section\" data-settings=\"{&quot;stretch_section&quot;:&quot;section-stretched&quot;}\">\n\t\t\t\t\t\t<div class=\"elementor-container elementor-column-gap-wider\">\n\t\t\t\t\t<div class=\"elementor-column elementor-col-100 elementor-top-column elementor-element elementor-element-ee98f76\" data-id=\"ee98f76\" data-element_type=\"column\" data-e-type=\"column\">\n\t\t\t<div class=\"elementor-widget-wrap elementor-element-populated\">\n\t\t\t\t\t\t<section class=\"elementor-section elementor-inner-section elementor-element elementor-element-7035843 elementor-section-boxed elementor-section-height-default elementor-section-height-default elementor-invisible\" data-id=\"7035843\" data-element_type=\"section\" data-e-type=\"section\" data-settings=\"{&quot;animation&quot;:&quot;fadeInRight&quot;}\">\n\t\t\t\t\t\t<div class=\"elementor-container elementor-column-gap-default\">\n\t\t\t\t\t<div class=\"elementor-column elementor-col-50 elementor-inner-column elementor-element elementor-element-15fc0a2\" data-id=\"15fc0a2\" data-element_type=\"column\" data-e-type=\"column\">\n\t\t\t<div class=\"elementor-widget-wrap elementor-element-populated\">\n\t\t\t\t\t\t<div class=\"elementor-element elementor-element-4c1e4dd elementor-widget elementor-widget-image\" data-id=\"4c1e4dd\" data-element_type=\"widget\" data-e-type=\"widget\" data-widget_type=\"image.default\">\n\t\t\t\t<div class=\"elementor-widget-container\">\n\t\t\t\t\t\t\t\t\t\t\t\t\t\t\t<img fetchpriority=\"high\" decoding=\"async\" width=\"576\" height=\"599\" src=\"https:\/\/agromafi.com.br\/wp-content\/uploads\/2021\/09\/3-e1632926488904.jpg\" class=\"attachment-large size-large wp-image-791\" alt=\"\" srcset=\"https:\/\/agromafi.com.br\/wp-content\/uploads\/2021\/09\/3-e1632926488904.jpg 576w, https:\/\/agromafi.com.br\/wp-content\/uploads\/2021\/09\/3-e1632926488904-288x300.jpg 288w, https:\/\/agromafi.com.br\/wp-content\/uploads\/2021\/09\/3-e1632926488904-140x146.jpg 140w, https:\/\/agromafi.com.br\/wp-content\/uploads\/2021\/09\/3-e1632926488904-48x50.jpg 48w, https:\/\/agromafi.com.br\/wp-content\/uploads\/2021\/09\/3-e1632926488904-72x75.jpg 72w\" sizes=\"(max-width: 576px) 100vw, 576px\" \/>\t\t\t\t\t\t\t\t\t\t\t\t\t\t\t<\/div>\n\t\t\t\t<\/div>\n\t\t\t\t\t<\/div>\n\t\t<\/div>\n\t\t\t\t<div class=\"elementor-column elementor-col-50 elementor-inner-column elementor-element elementor-element-a9c8a7b\" data-id=\"a9c8a7b\" data-element_type=\"column\" data-e-type=\"column\">\n\t\t\t<div class=\"elementor-widget-wrap elementor-element-populated\">\n\t\t\t\t\t\t<div class=\"elementor-element elementor-element-b215182 elementor-widget elementor-widget-text-editor\" data-id=\"b215182\" data-element_type=\"widget\" data-e-type=\"widget\" data-widget_type=\"text-editor.default\">\n\t\t\t\t<div class=\"elementor-widget-container\">\n\t\t\t\t\t\t\t\t\t<h2>Linha Max<\/h2>\t\t\t\t\t\t\t\t<\/div>\n\t\t\t\t<\/div>\n\t\t\t\t<div class=\"elementor-element elementor-element-ee877e0 elementor-widget elementor-widget-text-editor\" data-id=\"ee877e0\" data-element_type=\"widget\" data-e-type=\"widget\" data-widget_type=\"text-editor.default\">\n\t\t\t\t<div class=\"elementor-widget-container\">\n\t\t\t\t\t\t\t\t\t<p>Voltada para situa\u00e7\u00f5es em que se deseja maximizar resultados, em especial na integra\u00e7\u00e3o lavoura\/pecu\u00e1ria, a linha Agromafi Max \u00e9 composta por sementes rigorosamente selecionadas, de elevado teor de pureza, que passam por tratamento com fungicida, inseticida, aminoacidos enraizadores e posteriormente grafitadas (garantindo prote\u00e7\u00e3o ao tratamento). Proporcionando alto desempenho na germina\u00e7\u00e3o e estabelecimento das plantas, melhora a plantabilidade e apresenta \u00f3timo custo\/beneficio e um elevado Valor Cultural (VC).<\/p>\t\t\t\t\t\t\t\t<\/div>\n\t\t\t\t<\/div>\n\t\t\t\t\t<\/div>\n\t\t<\/div>\n\t\t\t\t\t<\/div>\n\t\t<\/section>\n\t\t\t\t<section class=\"elementor-section elementor-inner-section elementor-element elementor-element-0fdbf46 elementor-section-boxed elementor-section-height-default elementor-section-height-default\" data-id=\"0fdbf46\" data-element_type=\"section\" data-e-type=\"section\">\n\t\t\t\t\t\t<div class=\"elementor-container elementor-column-gap-default\">\n\t\t\t\t\t<div class=\"elementor-column elementor-col-100 elementor-inner-column elementor-element elementor-element-15baf8d\" data-id=\"15baf8d\" data-element_type=\"column\" data-e-type=\"column\">\n\t\t\t<div class=\"elementor-widget-wrap elementor-element-populated\">\n\t\t\t\t\t\t<div class=\"elementor-element elementor-element-6632c02 elementor-widget elementor-widget-spacer\" data-id=\"6632c02\" data-element_type=\"widget\" data-e-type=\"widget\" data-widget_type=\"spacer.default\">\n\t\t\t\t<div class=\"elementor-widget-container\">\n\t\t\t\t\t\t\t<div class=\"elementor-spacer\">\n\t\t\t<div class=\"elementor-spacer-inner\"><\/div>\n\t\t<\/div>\n\t\t\t\t\t\t<\/div>\n\t\t\t\t<\/div>\n\t\t\t\t\t<\/div>\n\t\t<\/div>\n\t\t\t\t\t<\/div>\n\t\t<\/section>\n\t\t\t\t<section class=\"elementor-section elementor-inner-section elementor-element elementor-element-c9d2716 elementor-reverse-tablet elementor-reverse-mobile elementor-section-boxed elementor-section-height-default elementor-section-height-default elementor-invisible\" data-id=\"c9d2716\" data-element_type=\"section\" data-e-type=\"section\" data-settings=\"{&quot;animation&quot;:&quot;fadeInLeft&quot;}\">\n\t\t\t\t\t\t<div class=\"elementor-container elementor-column-gap-default\">\n\t\t\t\t\t<div class=\"elementor-column elementor-col-50 elementor-inner-column elementor-element elementor-element-64ead5e\" data-id=\"64ead5e\" data-element_type=\"column\" data-e-type=\"column\">\n\t\t\t<div class=\"elementor-widget-wrap elementor-element-populated\">\n\t\t\t\t\t\t<div class=\"elementor-element elementor-element-b340559 elementor-widget elementor-widget-text-editor\" data-id=\"b340559\" data-element_type=\"widget\" data-e-type=\"widget\" data-widget_type=\"text-editor.default\">\n\t\t\t\t<div class=\"elementor-widget-container\">\n\t\t\t\t\t\t\t\t\t<h2>REVESTIDA<\/h2>\t\t\t\t\t\t\t\t<\/div>\n\t\t\t\t<\/div>\n\t\t\t\t<div class=\"elementor-element elementor-element-4392512 elementor-widget elementor-widget-text-editor\" data-id=\"4392512\" data-element_type=\"widget\" data-e-type=\"widget\" data-widget_type=\"text-editor.default\">\n\t\t\t\t<div class=\"elementor-widget-container\">\n\t\t\t\t\t\t\t\t\t<p>Sementes rigorosamente selecionadas, de elevado teor de pureza, eliminando a presen\u00e7a de invasoras e sementes \u201cchochas\u201d e meia grana, s\u00e3o tratadas com fungicidas e amino\u00e1cidos enraizadores, revestidas com silicato de Magn\u00e9sio e corante. Garantindo assim a qualidade das sementes, facilidade de regulagem das semeadoras&nbsp; e uma distribui\u00e7\u00e3o uniforme em toda a \u00e1rea. Proporcionando assim melhores resultados<\/p>\t\t\t\t\t\t\t\t<\/div>\n\t\t\t\t<\/div>\n\t\t\t\t\t<\/div>\n\t\t<\/div>\n\t\t\t\t<div class=\"elementor-column elementor-col-50 elementor-inner-column elementor-element elementor-element-334268e\" data-id=\"334268e\" data-element_type=\"column\" data-e-type=\"column\">\n\t\t\t<div class=\"elementor-widget-wrap elementor-element-populated\">\n\t\t\t\t\t\t<div class=\"elementor-element elementor-element-224128e elementor-widget elementor-widget-image\" data-id=\"224128e\" data-element_type=\"widget\" data-e-type=\"widget\" data-widget_type=\"image.default\">\n\t\t\t\t<div class=\"elementor-widget-container\">\n\t\t\t\t\t\t\t\t\t\t\t\t\t\t\t<img decoding=\"async\" width=\"576\" height=\"599\" src=\"https:\/\/agromafi.com.br\/wp-content\/uploads\/2021\/09\/2-e1632926140505.jpg\" class=\"attachment-large size-large wp-image-790\" alt=\"\" srcset=\"https:\/\/agromafi.com.br\/wp-content\/uploads\/2021\/09\/2-e1632926140505.jpg 576w, https:\/\/agromafi.com.br\/wp-content\/uploads\/2021\/09\/2-e1632926140505-288x300.jpg 288w, https:\/\/agromafi.com.br\/wp-content\/uploads\/2021\/09\/2-e1632926140505-140x146.jpg 140w, https:\/\/agromafi.com.br\/wp-content\/uploads\/2021\/09\/2-e1632926140505-48x50.jpg 48w, https:\/\/agromafi.com.br\/wp-content\/uploads\/2021\/09\/2-e1632926140505-72x75.jpg 72w\" sizes=\"(max-width: 576px) 100vw, 576px\" \/>\t\t\t\t\t\t\t\t\t\t\t\t\t\t\t<\/div>\n\t\t\t\t<\/div>\n\t\t\t\t\t<\/div>\n\t\t<\/div>\n\t\t\t\t\t<\/div>\n\t\t<\/section>\n\t\t\t\t<section class=\"elementor-section elementor-inner-section elementor-element elementor-element-bc139c5 elementor-section-boxed elementor-section-height-default elementor-section-height-default\" data-id=\"bc139c5\" data-element_type=\"section\" data-e-type=\"section\">\n\t\t\t\t\t\t<div class=\"elementor-container elementor-column-gap-default\">\n\t\t\t\t\t<div class=\"elementor-column elementor-col-100 elementor-inner-column elementor-element elementor-element-5e44d53\" data-id=\"5e44d53\" data-element_type=\"column\" data-e-type=\"column\">\n\t\t\t<div class=\"elementor-widget-wrap elementor-element-populated\">\n\t\t\t\t\t\t<div class=\"elementor-element elementor-element-b5fe978 elementor-widget elementor-widget-spacer\" data-id=\"b5fe978\" data-element_type=\"widget\" data-e-type=\"widget\" data-widget_type=\"spacer.default\">\n\t\t\t\t<div class=\"elementor-widget-container\">\n\t\t\t\t\t\t\t<div class=\"elementor-spacer\">\n\t\t\t<div class=\"elementor-spacer-inner\"><\/div>\n\t\t<\/div>\n\t\t\t\t\t\t<\/div>\n\t\t\t\t<\/div>\n\t\t\t\t\t<\/div>\n\t\t<\/div>\n\t\t\t\t\t<\/div>\n\t\t<\/section>\n\t\t\t\t<section class=\"elementor-section elementor-inner-section elementor-element elementor-element-191d840 elementor-section-boxed elementor-section-height-default elementor-section-height-default elementor-invisible\" data-id=\"191d840\" data-element_type=\"section\" data-e-type=\"section\" data-settings=\"{&quot;animation&quot;:&quot;fadeInRight&quot;}\">\n\t\t\t\t\t\t<div class=\"elementor-container elementor-column-gap-default\">\n\t\t\t\t\t<div class=\"elementor-column elementor-col-50 elementor-inner-column elementor-element elementor-element-4927268\" data-id=\"4927268\" data-element_type=\"column\" data-e-type=\"column\">\n\t\t\t<div class=\"elementor-widget-wrap elementor-element-populated\">\n\t\t\t\t\t\t<div class=\"elementor-element elementor-element-7eaedd5 elementor-widget elementor-widget-image\" data-id=\"7eaedd5\" data-element_type=\"widget\" data-e-type=\"widget\" data-widget_type=\"image.default\">\n\t\t\t\t<div class=\"elementor-widget-container\">\n\t\t\t\t\t\t\t\t\t\t\t\t\t\t\t<img decoding=\"async\" width=\"576\" height=\"601\" src=\"https:\/\/agromafi.com.br\/wp-content\/uploads\/2021\/09\/2-1-e1632928134237.jpg\" class=\"attachment-large size-large wp-image-794\" alt=\"\" srcset=\"https:\/\/agromafi.com.br\/wp-content\/uploads\/2021\/09\/2-1-e1632928134237.jpg 576w, https:\/\/agromafi.com.br\/wp-content\/uploads\/2021\/09\/2-1-e1632928134237-288x300.jpg 288w, https:\/\/agromafi.com.br\/wp-content\/uploads\/2021\/09\/2-1-e1632928134237-140x146.jpg 140w, https:\/\/agromafi.com.br\/wp-content\/uploads\/2021\/09\/2-1-e1632928134237-48x50.jpg 48w, https:\/\/agromafi.com.br\/wp-content\/uploads\/2021\/09\/2-1-e1632928134237-72x75.jpg 72w\" sizes=\"(max-width: 576px) 100vw, 576px\" \/>\t\t\t\t\t\t\t\t\t\t\t\t\t\t\t<\/div>\n\t\t\t\t<\/div>\n\t\t\t\t\t<\/div>\n\t\t<\/div>\n\t\t\t\t<div class=\"elementor-column elementor-col-50 elementor-inner-column elementor-element elementor-element-53414e6\" data-id=\"53414e6\" data-element_type=\"column\" data-e-type=\"column\">\n\t\t\t<div class=\"elementor-widget-wrap elementor-element-populated\">\n\t\t\t\t\t\t<div class=\"elementor-element elementor-element-394c64e elementor-widget elementor-widget-text-editor\" data-id=\"394c64e\" data-element_type=\"widget\" data-e-type=\"widget\" data-widget_type=\"text-editor.default\">\n\t\t\t\t<div class=\"elementor-widget-container\">\n\t\t\t\t\t\t\t\t\t<h2>VC-80<\/h2>\t\t\t\t\t\t\t\t<\/div>\n\t\t\t\t<\/div>\n\t\t\t\t<div class=\"elementor-element elementor-element-2fd4ba5 elementor-widget elementor-widget-text-editor\" data-id=\"2fd4ba5\" data-element_type=\"widget\" data-e-type=\"widget\" data-widget_type=\"text-editor.default\">\n\t\t\t\t<div class=\"elementor-widget-container\">\n\t\t\t\t\t\t\t\t\t<p>Sementes com pureza elevada. No seu beneficiamento s\u00e3o retirados os materiais inertes, e impurezas como: terra, torr\u00f5es, pedras, palhas, sementes meia grana, &#8220;chochas&#8221; e mal formadas al\u00e9m das pragas diversas. As Sementes VC 80 da Agromafi apresentam alta pureza f\u00edsica aliada ao alto poder germinativo, trazendo consigo consequentemente um elevado Valor Cultural (VC).<\/p>\t\t\t\t\t\t\t\t<\/div>\n\t\t\t\t<\/div>\n\t\t\t\t\t<\/div>\n\t\t<\/div>\n\t\t\t\t\t<\/div>\n\t\t<\/section>\n\t\t\t\t<section class=\"elementor-section elementor-inner-section elementor-element elementor-element-0a44264 elementor-section-boxed elementor-section-height-default elementor-section-height-default\" data-id=\"0a44264\" data-element_type=\"section\" data-e-type=\"section\">\n\t\t\t\t\t\t<div class=\"elementor-container elementor-column-gap-default\">\n\t\t\t\t\t<div class=\"elementor-column elementor-col-100 elementor-inner-column elementor-element elementor-element-7c7e360\" data-id=\"7c7e360\" data-element_type=\"column\" data-e-type=\"column\">\n\t\t\t<div class=\"elementor-widget-wrap elementor-element-populated\">\n\t\t\t\t\t\t<div class=\"elementor-element elementor-element-53396d8 elementor-widget elementor-widget-spacer\" data-id=\"53396d8\" data-element_type=\"widget\" data-e-type=\"widget\" data-widget_type=\"spacer.default\">\n\t\t\t\t<div class=\"elementor-widget-container\">\n\t\t\t\t\t\t\t<div class=\"elementor-spacer\">\n\t\t\t<div class=\"elementor-spacer-inner\"><\/div>\n\t\t<\/div>\n\t\t\t\t\t\t<\/div>\n\t\t\t\t<\/div>\n\t\t\t\t\t<\/div>\n\t\t<\/div>\n\t\t\t\t\t<\/div>\n\t\t<\/section>\n\t\t\t\t<section class=\"elementor-section elementor-inner-section elementor-element elementor-element-21cc224 elementor-reverse-tablet elementor-reverse-mobile elementor-section-boxed elementor-section-height-default elementor-section-height-default elementor-invisible\" data-id=\"21cc224\" data-element_type=\"section\" data-e-type=\"section\" data-settings=\"{&quot;animation&quot;:&quot;fadeInLeft&quot;}\">\n\t\t\t\t\t\t<div class=\"elementor-container elementor-column-gap-default\">\n\t\t\t\t\t<div class=\"elementor-column elementor-col-50 elementor-inner-column elementor-element elementor-element-6a64d40\" data-id=\"6a64d40\" data-element_type=\"column\" data-e-type=\"column\">\n\t\t\t<div class=\"elementor-widget-wrap elementor-element-populated\">\n\t\t\t\t\t\t<div class=\"elementor-element elementor-element-67a9f5f elementor-widget elementor-widget-text-editor\" data-id=\"67a9f5f\" data-element_type=\"widget\" data-e-type=\"widget\" data-widget_type=\"text-editor.default\">\n\t\t\t\t<div class=\"elementor-widget-container\">\n\t\t\t\t\t\t\t\t\t<h2>VC-50<\/h2>\t\t\t\t\t\t\t\t<\/div>\n\t\t\t\t<\/div>\n\t\t\t\t<div class=\"elementor-element elementor-element-fc4b1d7 elementor-widget elementor-widget-text-editor\" data-id=\"fc4b1d7\" data-element_type=\"widget\" data-e-type=\"widget\" data-widget_type=\"text-editor.default\">\n\t\t\t\t<div class=\"elementor-widget-container\">\n\t\t\t\t\t\t\t\t\t<p>\u00c9 a apresenta\u00e7\u00e3o tradicionalmente encontradas por todas as regi\u00f5es comercializadoras de sementes de pastagem. N\u00e3o requerem alta tecnologia na semeadura e requerem uma taxa maior de semeadura.\u00a0 S\u00e3o compostas da mistura de Sementes, Palha e Torr\u00e3o. Todos os materiais s\u00e3o beneficiados na UBS da Sementes Agromafi.<\/p>\t\t\t\t\t\t\t\t<\/div>\n\t\t\t\t<\/div>\n\t\t\t\t\t<\/div>\n\t\t<\/div>\n\t\t\t\t<div class=\"elementor-column elementor-col-50 elementor-inner-column elementor-element elementor-element-66a739f\" data-id=\"66a739f\" data-element_type=\"column\" data-e-type=\"column\">\n\t\t\t<div class=\"elementor-widget-wrap elementor-element-populated\">\n\t\t\t\t\t\t<div class=\"elementor-element elementor-element-94c456e elementor-widget elementor-widget-image\" data-id=\"94c456e\" data-element_type=\"widget\" data-e-type=\"widget\" data-widget_type=\"image.default\">\n\t\t\t\t<div class=\"elementor-widget-container\">\n\t\t\t\t\t\t\t\t\t\t\t\t\t\t\t<img loading=\"lazy\" decoding=\"async\" width=\"768\" height=\"1024\" src=\"https:\/\/agromafi.com.br\/wp-content\/uploads\/2021\/10\/vc-50.png\" class=\"attachment-large size-large wp-image-842\" alt=\"\" srcset=\"https:\/\/agromafi.com.br\/wp-content\/uploads\/2021\/10\/vc-50.png 768w, https:\/\/agromafi.com.br\/wp-content\/uploads\/2021\/10\/vc-50-225x300.png 225w, https:\/\/agromafi.com.br\/wp-content\/uploads\/2021\/10\/vc-50-110x146.png 110w, https:\/\/agromafi.com.br\/wp-content\/uploads\/2021\/10\/vc-50-38x50.png 38w, https:\/\/agromafi.com.br\/wp-content\/uploads\/2021\/10\/vc-50-56x75.png 56w\" sizes=\"(max-width: 768px) 100vw, 768px\" \/>\t\t\t\t\t\t\t\t\t\t\t\t\t\t\t<\/div>\n\t\t\t\t<\/div>\n\t\t\t\t\t<\/div>\n\t\t<\/div>\n\t\t\t\t\t<\/div>\n\t\t<\/section>\n\t\t\t\t<section class=\"elementor-section elementor-inner-section elementor-element elementor-element-91a4398 elementor-section-boxed elementor-section-height-default elementor-section-height-default\" data-id=\"91a4398\" data-element_type=\"section\" data-e-type=\"section\">\n\t\t\t\t\t\t<div class=\"elementor-container elementor-column-gap-default\">\n\t\t\t\t\t<div class=\"elementor-column elementor-col-100 elementor-inner-column elementor-element elementor-element-c757882\" data-id=\"c757882\" data-element_type=\"column\" data-e-type=\"column\">\n\t\t\t<div class=\"elementor-widget-wrap elementor-element-populated\">\n\t\t\t\t\t\t<div class=\"elementor-element elementor-element-3a95518 elementor-widget elementor-widget-spacer\" data-id=\"3a95518\" data-element_type=\"widget\" data-e-type=\"widget\" data-widget_type=\"spacer.default\">\n\t\t\t\t<div class=\"elementor-widget-container\">\n\t\t\t\t\t\t\t<div class=\"elementor-spacer\">\n\t\t\t<div class=\"elementor-spacer-inner\"><\/div>\n\t\t<\/div>\n\t\t\t\t\t\t<\/div>\n\t\t\t\t<\/div>\n\t\t\t\t<div class=\"elementor-element elementor-element-3e1b560 elementor-widget elementor-widget-image\" data-id=\"3e1b560\" data-element_type=\"widget\" data-e-type=\"widget\" data-widget_type=\"image.default\">\n\t\t\t\t<div class=\"elementor-widget-container\">\n\t\t\t\t\t\t\t\t\t\t\t\t\t\t\t<img loading=\"lazy\" decoding=\"async\" width=\"704\" height=\"23\" src=\"https:\/\/agromafi.com.br\/wp-content\/uploads\/2020\/12\/farm2-sep1.png\" class=\"attachment-large size-large wp-image-71\" alt=\"\" srcset=\"https:\/\/agromafi.com.br\/wp-content\/uploads\/2020\/12\/farm2-sep1.png 704w, https:\/\/agromafi.com.br\/wp-content\/uploads\/2020\/12\/farm2-sep1-300x10.png 300w, https:\/\/agromafi.com.br\/wp-content\/uploads\/2020\/12\/farm2-sep1-260x8.png 260w, https:\/\/agromafi.com.br\/wp-content\/uploads\/2020\/12\/farm2-sep1-50x2.png 50w, https:\/\/agromafi.com.br\/wp-content\/uploads\/2020\/12\/farm2-sep1-150x5.png 150w\" sizes=\"(max-width: 704px) 100vw, 704px\" \/>\t\t\t\t\t\t\t\t\t\t\t\t\t\t\t<\/div>\n\t\t\t\t<\/div>\n\t\t\t\t\t<\/div>\n\t\t<\/div>\n\t\t\t\t\t<\/div>\n\t\t<\/section>\n\t\t\t\t\t<\/div>\n\t\t<\/div>\n\t\t\t\t\t<\/div>\n\t\t<\/section>\n\t\t\t\t<\/div>\n\t\t","protected":false},"excerpt":{"rendered":"<p>Linha Max Voltada para situa\u00e7\u00f5es em que se deseja maximizar resultados, em especial na integra\u00e7\u00e3o lavoura\/pecu\u00e1ria, a linha Agromafi Max \u00e9 composta por sementes rigorosamente selecionadas,<span class=\"excerpt-hellip\"> [\u2026]<\/span><\/p>\n","protected":false},"author":1,"featured_media":0,"parent":0,"menu_order":0,"comment_status":"closed","ping_status":"closed","template":"","meta":{"footnotes":""},"class_list":["post-411","page","type-page","status-publish","hentry"],"_links":{"self":[{"href":"https:\/\/agromafi.com.br\/index.php?rest_route=\/wp\/v2\/pages\/411","targetHints":{"allow":["GET"]}}],"collection":[{"href":"https:\/\/agromafi.com.br\/index.php?rest_route=\/wp\/v2\/pages"}],"about":[{"href":"https:\/\/agromafi.com.br\/index.php?rest_route=\/wp\/v2\/types\/page"}],"author":[{"embeddable":true,"href":"https:\/\/agromafi.com.br\/index.php?rest_route=\/wp\/v2\/users\/1"}],"replies":[{"embeddable":true,"href":"https:\/\/agromafi.com.br\/index.php?rest_route=%2Fwp%2Fv2%2Fcomments&post=411"}],"version-history":[{"count":29,"href":"https:\/\/agromafi.com.br\/index.php?rest_route=\/wp\/v2\/pages\/411\/revisions"}],"predecessor-version":[{"id":899,"href":"https:\/\/agromafi.com.br\/index.php?rest_route=\/wp\/v2\/pages\/411\/revisions\/899"}],"wp:attachment":[{"href":"https:\/\/agromafi.com.br\/index.php?rest_route=%2Fwp%2Fv2%2Fmedia&parent=411"}],"curies":[{"name":"wp","href":"https:\/\/api.w.org\/{rel}","templated":true}]}}