{"id":7,"date":"2020-12-28T14:22:35","date_gmt":"2020-12-28T14:22:35","guid":{"rendered":"https:\/\/themes.muffingroup.com\/be\/farm2_el\/?page_id=7"},"modified":"2023-06-08T20:24:08","modified_gmt":"2023-06-08T23:24:08","slug":"home","status":"publish","type":"page","link":"https:\/\/agromafi.com.br\/","title":{"rendered":"Home"},"content":{"rendered":"\t\t<div data-elementor-type=\"wp-page\" data-elementor-id=\"7\" class=\"elementor elementor-7\">\n\t\t\t\t\t\t<section class=\"elementor-section elementor-top-section elementor-element elementor-element-3e1f098 elementor-section-stretched elementor-section-boxed elementor-section-height-default elementor-section-height-default\" data-id=\"3e1f098\" data-element_type=\"section\" data-e-type=\"section\" data-settings=\"{&quot;stretch_section&quot;:&quot;section-stretched&quot;,&quot;background_background&quot;:&quot;classic&quot;}\">\n\t\t\t\t\t\t<div class=\"elementor-container elementor-column-gap-wider\">\n\t\t\t\t\t<div class=\"elementor-column elementor-col-100 elementor-top-column elementor-element elementor-element-e4dff09\" data-id=\"e4dff09\" data-element_type=\"column\" data-e-type=\"column\">\n\t\t\t<div class=\"elementor-widget-wrap elementor-element-populated\">\n\t\t\t\t\t\t<section class=\"elementor-section elementor-inner-section elementor-element elementor-element-7c5b303 elementor-section-boxed elementor-section-height-default elementor-section-height-default\" data-id=\"7c5b303\" data-element_type=\"section\" data-e-type=\"section\">\n\t\t\t\t\t\t<div class=\"elementor-container elementor-column-gap-default\">\n\t\t\t\t\t<div class=\"elementor-column elementor-col-25 elementor-inner-column elementor-element elementor-element-c502254\" data-id=\"c502254\" data-element_type=\"column\" data-e-type=\"column\">\n\t\t\t<div class=\"elementor-widget-wrap elementor-element-populated\">\n\t\t\t\t\t\t<div class=\"elementor-element elementor-element-d1febf3 elementor-drop-cap-yes elementor-drop-cap-view-default elementor-invisible elementor-widget elementor-widget-text-editor\" data-id=\"d1febf3\" data-element_type=\"widget\" data-e-type=\"widget\" data-settings=\"{&quot;drop_cap&quot;:&quot;yes&quot;,&quot;_animation&quot;:&quot;fadeInRight&quot;}\" data-widget_type=\"text-editor.default\">\n\t\t\t\t<div class=\"elementor-widget-container\">\n\t\t\t\t\t\t\t\t\t<h4 style=\"text-align: center;\"><span style=\"color: #ebd1c8;\">VC 80<\/span><\/h4><p style=\"text-align: center;\"><img fetchpriority=\"high\" decoding=\"async\" class=\"alignnone size-medium wp-image-794\" src=\"https:\/\/agromafi.com.br\/wp-content\/uploads\/2021\/09\/2-1-e1632928134237-288x300.jpg\" alt=\"\" width=\"288\" height=\"300\" srcset=\"https:\/\/agromafi.com.br\/wp-content\/uploads\/2021\/09\/2-1-e1632928134237-288x300.jpg 288w, https:\/\/agromafi.com.br\/wp-content\/uploads\/2021\/09\/2-1-e1632928134237-140x146.jpg 140w, https:\/\/agromafi.com.br\/wp-content\/uploads\/2021\/09\/2-1-e1632928134237-48x50.jpg 48w, https:\/\/agromafi.com.br\/wp-content\/uploads\/2021\/09\/2-1-e1632928134237-72x75.jpg 72w, https:\/\/agromafi.com.br\/wp-content\/uploads\/2021\/09\/2-1-e1632928134237.jpg 576w\" sizes=\"(max-width: 288px) 100vw, 288px\" \/><br \/><span style=\"color: #8a9992;\">Sementes com pureza elevada. No seu beneficiamento s\u00e3o retirados os materiais inertes&#8230; <a href=\"https:\/\/agromafi.com.br\/?page_id=411\" target=\"_blank\" rel=\"noopener\">Saiba mais<\/a><\/span><\/p>\t\t\t\t\t\t\t\t<\/div>\n\t\t\t\t<\/div>\n\t\t\t\t\t<\/div>\n\t\t<\/div>\n\t\t\t\t<div class=\"elementor-column elementor-col-25 elementor-inner-column elementor-element elementor-element-0091768\" data-id=\"0091768\" data-element_type=\"column\" data-e-type=\"column\">\n\t\t\t<div class=\"elementor-widget-wrap elementor-element-populated\">\n\t\t\t\t\t\t<div class=\"elementor-element elementor-element-7edce8c elementor-invisible elementor-widget elementor-widget-text-editor\" data-id=\"7edce8c\" data-element_type=\"widget\" data-e-type=\"widget\" data-settings=\"{&quot;_animation&quot;:&quot;fadeInRight&quot;}\" data-widget_type=\"text-editor.default\">\n\t\t\t\t<div class=\"elementor-widget-container\">\n\t\t\t\t\t\t\t\t\t<h4 style=\"text-align: center;\"><span style=\"color: #ebd1c8;\">VC 50<\/span><\/h4><p style=\"text-align: center;\"><img decoding=\"async\" class=\"alignnone size-full wp-image-849\" src=\"https:\/\/agromafi.com.br\/wp-content\/uploads\/2021\/10\/vc-50-1.png\" alt=\"\" width=\"288\" height=\"300\" srcset=\"https:\/\/agromafi.com.br\/wp-content\/uploads\/2021\/10\/vc-50-1.png 288w, https:\/\/agromafi.com.br\/wp-content\/uploads\/2021\/10\/vc-50-1-140x146.png 140w, https:\/\/agromafi.com.br\/wp-content\/uploads\/2021\/10\/vc-50-1-48x50.png 48w, https:\/\/agromafi.com.br\/wp-content\/uploads\/2021\/10\/vc-50-1-72x75.png 72w\" sizes=\"(max-width: 288px) 100vw, 288px\" \/><br \/><span style=\"color: #8a9992;\">\u00c9 a apresenta\u00e7\u00e3o tradicionalmente encontradas por todas as regi\u00f5es comercial&#8230;<\/span><a href=\"http:\/\/www.agromafi.com.brhttps:\/\/agromafi.com.br\/?page_id=411\" target=\"_blank\" rel=\"noopener\">Saiba Mais<\/a><\/p>\t\t\t\t\t\t\t\t<\/div>\n\t\t\t\t<\/div>\n\t\t\t\t\t<\/div>\n\t\t<\/div>\n\t\t\t\t<div class=\"elementor-column elementor-col-25 elementor-inner-column elementor-element elementor-element-b0a4217\" data-id=\"b0a4217\" data-element_type=\"column\" data-e-type=\"column\">\n\t\t\t<div class=\"elementor-widget-wrap elementor-element-populated\">\n\t\t\t\t\t\t<div class=\"elementor-element elementor-element-5fda4b5 elementor-invisible elementor-widget elementor-widget-text-editor\" data-id=\"5fda4b5\" data-element_type=\"widget\" data-e-type=\"widget\" data-settings=\"{&quot;_animation&quot;:&quot;fadeInRight&quot;}\" data-widget_type=\"text-editor.default\">\n\t\t\t\t<div class=\"elementor-widget-container\">\n\t\t\t\t\t\t\t\t\t<h4 style=\"text-align: center;\"><span style=\"color: #ebd1c8;\">LINHA MAX<\/span><\/h4><p style=\"text-align: center;\"><img decoding=\"async\" class=\"alignnone wp-image-791\" src=\"https:\/\/agromafi.com.br\/wp-content\/uploads\/2021\/09\/3-e1632926488904-288x300.jpg\" alt=\"\" width=\"288\" height=\"300\" srcset=\"https:\/\/agromafi.com.br\/wp-content\/uploads\/2021\/09\/3-e1632926488904-288x300.jpg 288w, https:\/\/agromafi.com.br\/wp-content\/uploads\/2021\/09\/3-e1632926488904-140x146.jpg 140w, https:\/\/agromafi.com.br\/wp-content\/uploads\/2021\/09\/3-e1632926488904-48x50.jpg 48w, https:\/\/agromafi.com.br\/wp-content\/uploads\/2021\/09\/3-e1632926488904-72x75.jpg 72w, https:\/\/agromafi.com.br\/wp-content\/uploads\/2021\/09\/3-e1632926488904.jpg 576w\" sizes=\"(max-width: 288px) 100vw, 288px\" \/><br \/><span style=\"color: #8a9992;\">Voltada para situa\u00e7\u00f5es em que se deseja maximizar resultados, em especial na integ&#8230; <a href=\"https:\/\/agromafi.com.br\/?page_id=411\" target=\"_blank\" rel=\"noopener\">Saiba Mais<\/a><\/span><\/p>\t\t\t\t\t\t\t\t<\/div>\n\t\t\t\t<\/div>\n\t\t\t\t\t<\/div>\n\t\t<\/div>\n\t\t\t\t<div class=\"elementor-column elementor-col-25 elementor-inner-column elementor-element elementor-element-22f31e2\" data-id=\"22f31e2\" data-element_type=\"column\" data-e-type=\"column\">\n\t\t\t<div class=\"elementor-widget-wrap elementor-element-populated\">\n\t\t\t\t\t\t<div class=\"elementor-element elementor-element-5baa8eb elementor-invisible elementor-widget elementor-widget-text-editor\" data-id=\"5baa8eb\" data-element_type=\"widget\" data-e-type=\"widget\" data-settings=\"{&quot;_animation&quot;:&quot;fadeInRight&quot;}\" data-widget_type=\"text-editor.default\">\n\t\t\t\t<div class=\"elementor-widget-container\">\n\t\t\t\t\t\t\t\t\t<h4 style=\"text-align: center;\"><span style=\"color: #ebd1c8;\">REVESTIDA<\/span><\/h4><p style=\"text-align: center;\"><img loading=\"lazy\" decoding=\"async\" class=\"alignnone size-medium wp-image-790\" src=\"https:\/\/agromafi.com.br\/wp-content\/uploads\/2021\/09\/2-e1632926140505-288x300.jpg\" alt=\"\" width=\"288\" height=\"300\" srcset=\"https:\/\/agromafi.com.br\/wp-content\/uploads\/2021\/09\/2-e1632926140505-288x300.jpg 288w, https:\/\/agromafi.com.br\/wp-content\/uploads\/2021\/09\/2-e1632926140505-140x146.jpg 140w, https:\/\/agromafi.com.br\/wp-content\/uploads\/2021\/09\/2-e1632926140505-48x50.jpg 48w, https:\/\/agromafi.com.br\/wp-content\/uploads\/2021\/09\/2-e1632926140505-72x75.jpg 72w, https:\/\/agromafi.com.br\/wp-content\/uploads\/2021\/09\/2-e1632926140505.jpg 576w\" sizes=\"(max-width: 288px) 100vw, 288px\" \/><br \/><span style=\"color: #8a9992;\">Sementes rigorosamente selecionadas, de elevado teor de pureza, eliminando a presen\u00e7a&#8230; <a href=\"https:\/\/agromafi.com.br\/?page_id=411\" target=\"_blank\" rel=\"noopener\">Saiba Mais<\/a><\/span><\/p>\t\t\t\t\t\t\t\t<\/div>\n\t\t\t\t<\/div>\n\t\t\t\t\t<\/div>\n\t\t<\/div>\n\t\t\t\t\t<\/div>\n\t\t<\/section>\n\t\t\t\t\t<\/div>\n\t\t<\/div>\n\t\t\t\t\t<\/div>\n\t\t<\/section>\n\t\t\t\t<section class=\"elementor-section elementor-top-section elementor-element elementor-element-5bda43d elementor-section-stretched elementor-section-boxed elementor-section-height-default elementor-section-height-default\" data-id=\"5bda43d\" data-element_type=\"section\" data-e-type=\"section\" data-settings=\"{&quot;stretch_section&quot;:&quot;section-stretched&quot;}\">\n\t\t\t\t\t\t<div class=\"elementor-container elementor-column-gap-wider\">\n\t\t\t\t\t<div class=\"elementor-column elementor-col-100 elementor-top-column elementor-element elementor-element-cd4a73e\" data-id=\"cd4a73e\" data-element_type=\"column\" data-e-type=\"column\">\n\t\t\t<div class=\"elementor-widget-wrap elementor-element-populated\">\n\t\t\t\t\t\t<section class=\"elementor-section elementor-inner-section elementor-element elementor-element-69344f4 elementor-section-boxed elementor-section-height-default elementor-section-height-default\" data-id=\"69344f4\" data-element_type=\"section\" data-e-type=\"section\">\n\t\t\t\t\t\t<div class=\"elementor-container elementor-column-gap-default\">\n\t\t\t\t\t<div class=\"elementor-column elementor-col-50 elementor-inner-column elementor-element elementor-element-6c19050\" data-id=\"6c19050\" data-element_type=\"column\" data-e-type=\"column\">\n\t\t\t<div class=\"elementor-widget-wrap elementor-element-populated\">\n\t\t\t\t\t\t<div class=\"elementor-element elementor-element-4cf29c1 elementor-widget elementor-widget-text-editor\" data-id=\"4cf29c1\" data-element_type=\"widget\" data-e-type=\"widget\" data-widget_type=\"text-editor.default\">\n\t\t\t\t<div class=\"elementor-widget-container\">\n\t\t\t\t\t\t\t\t\t<h2>Desde 2013 no mercado de sementes!<\/h2>\t\t\t\t\t\t\t\t<\/div>\n\t\t\t\t<\/div>\n\t\t\t\t<div class=\"elementor-element elementor-element-f714361 elementor-hidden-desktop elementor-hidden-tablet elementor-widget elementor-widget-spacer\" data-id=\"f714361\" data-element_type=\"widget\" data-e-type=\"widget\" data-widget_type=\"spacer.default\">\n\t\t\t\t<div class=\"elementor-widget-container\">\n\t\t\t\t\t\t\t<div class=\"elementor-spacer\">\n\t\t\t<div class=\"elementor-spacer-inner\"><\/div>\n\t\t<\/div>\n\t\t\t\t\t\t<\/div>\n\t\t\t\t<\/div>\n\t\t\t\t\t<\/div>\n\t\t<\/div>\n\t\t\t\t<div class=\"elementor-column elementor-col-50 elementor-inner-column elementor-element elementor-element-a3c1295\" data-id=\"a3c1295\" data-element_type=\"column\" data-e-type=\"column\" data-settings=\"{&quot;background_background&quot;:&quot;classic&quot;}\">\n\t\t\t<div class=\"elementor-widget-wrap elementor-element-populated\">\n\t\t\t\t\t\t<div class=\"elementor-element elementor-element-b5287cd elementor-invisible elementor-widget elementor-widget-text-editor\" data-id=\"b5287cd\" data-element_type=\"widget\" data-e-type=\"widget\" data-settings=\"{&quot;_animation&quot;:&quot;rotateInDownLeft&quot;}\" data-widget_type=\"text-editor.default\">\n\t\t\t\t<div class=\"elementor-widget-container\">\n\t\t\t\t\t\t\t\t\t<h3>A Agromafi Sementes de Pastagens foi <br>fundada em novembro de 2013 com o <br>objetivo de produzir e fornecer sementes <br>de pastagens que proporcionem os <br>melhores resultados para o produtor <br>rural&#8230;<\/h3>\t\t\t\t\t\t\t\t<\/div>\n\t\t\t\t<\/div>\n\t\t\t\t<div class=\"elementor-element elementor-element-37d3fcb elementor-widget elementor-widget-button\" data-id=\"37d3fcb\" data-element_type=\"widget\" data-e-type=\"widget\" data-widget_type=\"button.default\">\n\t\t\t\t<div class=\"elementor-widget-container\">\n\t\t\t\t\t\t\t\t\t<div class=\"elementor-button-wrapper\">\n\t\t\t\t\t<a class=\"elementor-button elementor-button-link elementor-size-sm\" href=\"http:\/\/agromafi.com.br\/?page_id=409\">\n\t\t\t\t\t\t<span class=\"elementor-button-content-wrapper\">\n\t\t\t\t\t\t\t\t\t<span class=\"elementor-button-text\">Leia Mais<\/span>\n\t\t\t\t\t<\/span>\n\t\t\t\t\t<\/a>\n\t\t\t\t<\/div>\n\t\t\t\t\t\t\t\t<\/div>\n\t\t\t\t<\/div>\n\t\t\t\t\t<\/div>\n\t\t<\/div>\n\t\t\t\t\t<\/div>\n\t\t<\/section>\n\t\t\t\t\t<\/div>\n\t\t<\/div>\n\t\t\t\t\t<\/div>\n\t\t<\/section>\n\t\t\t\t<\/div>\n\t\t","protected":false},"excerpt":{"rendered":"<p>VC 80 Sementes com pureza elevada. No seu beneficiamento s\u00e3o retirados os materiais inertes&#8230; Saiba mais VC 50 \u00c9 a apresenta\u00e7\u00e3o tradicionalmente encontradas por todas as<span class=\"excerpt-hellip\"> [\u2026]<\/span><\/p>\n","protected":false},"author":1,"featured_media":0,"parent":0,"menu_order":0,"comment_status":"closed","ping_status":"closed","template":"","meta":{"footnotes":""},"class_list":["post-7","page","type-page","status-publish","hentry"],"_links":{"self":[{"href":"https:\/\/agromafi.com.br\/index.php?rest_route=\/wp\/v2\/pages\/7","targetHints":{"allow":["GET"]}}],"collection":[{"href":"https:\/\/agromafi.com.br\/index.php?rest_route=\/wp\/v2\/pages"}],"about":[{"href":"https:\/\/agromafi.com.br\/index.php?rest_route=\/wp\/v2\/types\/page"}],"author":[{"embeddable":true,"href":"https:\/\/agromafi.com.br\/index.php?rest_route=\/wp\/v2\/users\/1"}],"replies":[{"embeddable":true,"href":"https:\/\/agromafi.com.br\/index.php?rest_route=%2Fwp%2Fv2%2Fcomments&post=7"}],"version-history":[{"count":54,"href":"https:\/\/agromafi.com.br\/index.php?rest_route=\/wp\/v2\/pages\/7\/revisions"}],"predecessor-version":[{"id":903,"href":"https:\/\/agromafi.com.br\/index.php?rest_route=\/wp\/v2\/pages\/7\/revisions\/903"}],"wp:attachment":[{"href":"https:\/\/agromafi.com.br\/index.php?rest_route=%2Fwp%2Fv2%2Fmedia&parent=7"}],"curies":[{"name":"wp","href":"https:\/\/api.w.org\/{rel}","templated":true}]}}